{"id":48,"date":"2019-01-11T08:01:58","date_gmt":"2019-01-11T07:01:58","guid":{"rendered":"http:\/\/inowatronika.com\/?page_id=48"},"modified":"2023-06-22T10:59:30","modified_gmt":"2023-06-22T08:59:30","slug":"contact","status":"publish","type":"page","link":"https:\/\/inowatronika.com\/index.php\/contact\/","title":{"rendered":"Contact"},"content":{"rendered":"\n<p class=\"has-text-align-center\">We are based in Poland in Mokre near Grudzi\u0105dz. Company address:<\/p>\n\n\n\n<p class=\"has-text-align-center\">Inowatronika Tomasz Radomski<\/p>\n\n\n\n<p class=\"has-text-align-center\">Mokre 34B, 86-302 Grudzi\u0105dz<\/p>\n\n\n\n<p class=\"has-text-align-center\">VAT UE PL876-218-29-08<\/p>\n\n\n\n<p class=\"has-text-align-center\"><strong>We also have office near Warsaw:<\/strong><\/p>\n\n\n\n<p class=\"has-text-align-center\">J\u00f3zefos\u0142aw, Prowansji 10F, 05-509<\/p>\n\n\n\n<p class=\"has-text-align-center\"><iframe src=\"https:\/\/maps.google.com\/maps?q=Mokre%2034%2CGrudzi%C4%85dz&amp;t=m&amp;z=10&amp;output=embed&amp;iwloc=near\" frameborder=\"0\" marginwidth=\"0\" marginheight=\"0\" scrolling=\"no\" aria-label=\"Mokre 34,Grudzi\u0105dz\"><\/iframe><\/p>\n\n\n\n<h3 class=\"wp-block-heading has-text-align-center\">Email: inowatronika@inowatronika.com<\/h3>\n\n\n\n<h3 class=\"wp-block-heading has-text-align-center\">Phone: +48 608-453-976<\/h3>\n","protected":false},"excerpt":{"rendered":"<p>We are based in Poland in Mokre near Grudzi\u0105dz. Company address: Inowatronika Tomasz Radomski Mokre 34B, 86-302 Grudzi\u0105dz VAT UE PL876-218-29-08 We also have office near Warsaw: J\u00f3zefos\u0142aw, Prowansji 10F, 05-509 Email: inowatronika@inowatronika.com Phone: +48 608-453-976<\/p>\n","protected":false},"author":1,"featured_media":0,"parent":0,"menu_order":0,"comment_status":"closed","ping_status":"closed","template":"","meta":{"footnotes":""},"class_list":["post-48","page","type-page","status-publish","hentry"],"_links":{"self":[{"href":"https:\/\/inowatronika.com\/index.php\/wp-json\/wp\/v2\/pages\/48","targetHints":{"allow":["GET"]}}],"collection":[{"href":"https:\/\/inowatronika.com\/index.php\/wp-json\/wp\/v2\/pages"}],"about":[{"href":"https:\/\/inowatronika.com\/index.php\/wp-json\/wp\/v2\/types\/page"}],"author":[{"embeddable":true,"href":"https:\/\/inowatronika.com\/index.php\/wp-json\/wp\/v2\/users\/1"}],"replies":[{"embeddable":true,"href":"https:\/\/inowatronika.com\/index.php\/wp-json\/wp\/v2\/comments?post=48"}],"version-history":[{"count":1,"href":"https:\/\/inowatronika.com\/index.php\/wp-json\/wp\/v2\/pages\/48\/revisions"}],"predecessor-version":[{"id":200,"href":"https:\/\/inowatronika.com\/index.php\/wp-json\/wp\/v2\/pages\/48\/revisions\/200"}],"wp:attachment":[{"href":"https:\/\/inowatronika.com\/index.php\/wp-json\/wp\/v2\/media?parent=48"}],"curies":[{"name":"wp","href":"https:\/\/api.w.org\/{rel}","templated":true}]}}