{"id":45,"date":"2019-01-11T08:02:42","date_gmt":"2019-01-11T07:02:42","guid":{"rendered":"http:\/\/inowatronika.com\/?page_id=45"},"modified":"2023-06-22T10:58:26","modified_gmt":"2023-06-22T08:58:26","slug":"ue-projects","status":"publish","type":"page","link":"https:\/\/inowatronika.com\/index.php\/ue-projects\/","title":{"rendered":"EU Projects"},"content":{"rendered":"\n<figure class=\"wp-block-image aligncenter size-full\"><img loading=\"lazy\" decoding=\"async\" width=\"1024\" height=\"128\" src=\"http:\/\/inowatronika.com\/wp-content\/uploads\/2023\/06\/xlogo_FEIR_NaviSoC_UEEFRR_600dpi_v2_ENG-1024x128.jpg.pagespeed.ic_.IQVjJ0EuMU.webp\" alt=\"\" class=\"wp-image-138\" srcset=\"https:\/\/inowatronika.com\/wp-content\/uploads\/2023\/06\/xlogo_FEIR_NaviSoC_UEEFRR_600dpi_v2_ENG-1024x128.jpg.pagespeed.ic_.IQVjJ0EuMU.webp 1024w, https:\/\/inowatronika.com\/wp-content\/uploads\/2023\/06\/xlogo_FEIR_NaviSoC_UEEFRR_600dpi_v2_ENG-1024x128.jpg.pagespeed.ic_.IQVjJ0EuMU-300x38.webp 300w, https:\/\/inowatronika.com\/wp-content\/uploads\/2023\/06\/xlogo_FEIR_NaviSoC_UEEFRR_600dpi_v2_ENG-1024x128.jpg.pagespeed.ic_.IQVjJ0EuMU-768x96.webp 768w\" sizes=\"auto, (max-width: 1024px) 100vw, 1024px\" \/><\/figure>\n\n\n\n<h3 class=\"wp-block-heading\">&nbsp;<\/h3>\n\n\n\n<h3 class=\"wp-block-heading has-text-align-center\">W latach 2017-2020 firma Inowatronika Tomasz Radomski w ramach konsorcjum z firm\u0105 ChipCraft Sp. z o.o. oraz Politechnik\u0105 Warszawsk\u0105, realizowa\u0107 b\u0119dzie projekt pt.:<\/h3>\n\n\n\n<p class=\"has-text-align-center\"><strong>&#8222;Miniaturowy, dwucz\u0119stotliwo\u015bciowy, jednouk\u0142adowy system scalony do precyzyjnej nawigacji satelitarnej GPS\/Galileo zintegrowany z procesorem aplikacyjnym dedykowany do urz\u0105dze\u0144 IoT o niskim poborze mocy&#8221; ( akronim &#8222;NaviSoC)\u201d.<\/strong><\/p>\n\n\n\n<figure class=\"wp-block-image aligncenter size-full\"><img loading=\"lazy\" decoding=\"async\" width=\"1024\" height=\"768\" src=\"http:\/\/inowatronika.com\/wp-content\/uploads\/2023\/06\/Galileo_satellite_in_orbit-1024x768-1.jpg\" alt=\"\" class=\"wp-image-136\" srcset=\"https:\/\/inowatronika.com\/wp-content\/uploads\/2023\/06\/Galileo_satellite_in_orbit-1024x768-1.jpg 1024w, https:\/\/inowatronika.com\/wp-content\/uploads\/2023\/06\/Galileo_satellite_in_orbit-1024x768-1-300x225.jpg 300w, https:\/\/inowatronika.com\/wp-content\/uploads\/2023\/06\/Galileo_satellite_in_orbit-1024x768-1-768x576.jpg 768w\" sizes=\"auto, (max-width: 1024px) 100vw, 1024px\" \/><\/figure>\n\n\n\n<figure class=\"wp-block-image aligncenter size-full\"><img loading=\"lazy\" decoding=\"async\" width=\"1024\" height=\"619\" src=\"http:\/\/inowatronika.com\/wp-content\/uploads\/2023\/06\/x400dpiLogo-1024x619.jpg.pagespeed.ic_.sMKvwL7Iih.webp\" alt=\"\" class=\"wp-image-140\" srcset=\"https:\/\/inowatronika.com\/wp-content\/uploads\/2023\/06\/x400dpiLogo-1024x619.jpg.pagespeed.ic_.sMKvwL7Iih.webp 1024w, https:\/\/inowatronika.com\/wp-content\/uploads\/2023\/06\/x400dpiLogo-1024x619.jpg.pagespeed.ic_.sMKvwL7Iih-300x181.webp 300w, https:\/\/inowatronika.com\/wp-content\/uploads\/2023\/06\/x400dpiLogo-1024x619.jpg.pagespeed.ic_.sMKvwL7Iih-768x464.webp 768w\" sizes=\"auto, (max-width: 1024px) 100vw, 1024px\" \/><\/figure>\n\n\n\n<figure class=\"wp-block-image aligncenter size-full\"><img loading=\"lazy\" decoding=\"async\" width=\"1024\" height=\"283\" src=\"http:\/\/inowatronika.com\/wp-content\/uploads\/2023\/06\/ChipCraft_logo_druk-1024x283-1.png\" alt=\"\" class=\"wp-image-135\" srcset=\"https:\/\/inowatronika.com\/wp-content\/uploads\/2023\/06\/ChipCraft_logo_druk-1024x283-1.png 1024w, https:\/\/inowatronika.com\/wp-content\/uploads\/2023\/06\/ChipCraft_logo_druk-1024x283-1-300x83.png 300w, https:\/\/inowatronika.com\/wp-content\/uploads\/2023\/06\/ChipCraft_logo_druk-1024x283-1-768x212.png 768w\" sizes=\"auto, (max-width: 1024px) 100vw, 1024px\" \/><\/figure>\n\n\n\n<figure class=\"wp-block-image aligncenter size-full\"><img loading=\"lazy\" decoding=\"async\" width=\"535\" height=\"135\" src=\"http:\/\/inowatronika.com\/wp-content\/uploads\/2023\/06\/znak-pw-eng.png\" alt=\"\" class=\"wp-image-139\" srcset=\"https:\/\/inowatronika.com\/wp-content\/uploads\/2023\/06\/znak-pw-eng.png 535w, https:\/\/inowatronika.com\/wp-content\/uploads\/2023\/06\/znak-pw-eng-300x76.png 300w\" sizes=\"auto, (max-width: 535px) 100vw, 535px\" \/><\/figure>\n\n\n\n<p class=\"has-text-align-center\">Projekt realizowany jest w ramach Dzia\u0142ania 4.1 &#8222;Badania naukowe i prace rozwojowe&#8221;.<\/p>\n\n\n\n<p class=\"has-text-align-center\">Programu Operacyjnego Inteligentny Rozw\u00f3j 2014-2020 wsp\u00f3\u0142finansowanego ze \u015brodk\u00f3w Europejskiego Funduszu Rozwoju Regionalnego.<\/p>\n\n\n\n<p class=\"has-text-align-center\">CELEM PROJEKTU jest opracowanie, wyprodukowanie, zbadanie i zademonstrowanie, dwucz\u0119stotliwo\u015bciowego, jednouk\u0142adowego systemu scalonego do precyzyjnej nawigacji satelitarnej GPS\/Galileo.<\/p>\n\n\n\n<p class=\"has-text-align-center\">System ma by\u0107 zintegrowany z procesorem aplikacyjnym i ma umo\u017cliwia\u0107 znaczne zwi\u0119kszenie dok\u0142adno\u015bci urz\u0105dze\u0144 mobilnych.<\/p>\n\n\n\n<p class=\"has-text-align-center\"><strong>Warto\u015b\u0107 projektu:&nbsp; &nbsp; &nbsp; &nbsp; &nbsp; &nbsp;6 700 454,84 PLN <\/strong><br><strong>Kwota dofinansowania: 5 799 779,05 PLN<\/strong><\/p>\n\n\n\n<p class=\"has-text-align-center\">Umowa o dofinansowanie nr POIR.04.01.04-00-0101\/16 z dn. 17\/10\/2017 r.<\/p>\n\n\n\n<h2 class=\"wp-block-heading has-text-align-center\">Og\u0142oszenia publiczne:<\/h2>\n\n\n\n<p class=\"has-text-align-center\"><a style=\"font-family: Roboto, sans-serif; font-size: 23px; font-style: normal; font-variant-ligatures: normal; font-variant-caps: normal; background-color: #ffffff;\" href=\"https:\/\/bazakonkurencyjnosci.funduszeeuropejskie.gov.pl\/publication\/view\/1212832\">Nab\u00f3r na stanowisko Brokera technologii w ramach zapytania ofertowego nr IN\/ZO\/2018\/1.<br><\/a><a style=\"font-family: Roboto, sans-serif; font-size: 23px; font-style: normal; font-variant-ligatures: normal; font-variant-caps: normal; background-color: #ffffff;\" href=\"https:\/\/bazakonkurencyjnosci.funduszeeuropejskie.gov.pl\/publication\/view\/1073552\">Nab\u00f3r na stanowisko Brokera technologii w ramach zapytania ofertowego nr IN\/ZO\/2017\/1.<\/a><\/p>\n\n\n\n<h2 class=\"wp-block-heading has-text-align-center\">Do pobrania:<\/h2>\n\n\n\n<p class=\"has-text-align-center\"><a style=\"font-family: Roboto, sans-serif; font-size: 23px; font-style: normal; font-variant-ligatures: normal; font-variant-caps: normal; background-color: #ffffff;\" href=\"http:\/\/inowatronika.com\/wp-content\/uploads\/2019\/01\/plakat_informacyjny_Inowatronika.pdf\">Plakat_informacyjny_Inowatronika<\/a><\/p>\n\n\n\n<p class=\"has-text-align-center\"><a style=\"font-family: Roboto, sans-serif; font-style: normal; font-variant-ligatures: normal; font-variant-caps: normal; font-size: 23px; background-color: #ffffff;\" href=\"http:\/\/inowatronika.com\/wp-content\/uploads\/2019\/01\/Rozeznanie_cenowe_nr_IN_1_2018.pdf\">Rozeznanie_cenowe_nr_IN_1_2018<\/a><\/p>\n\n\n\n<p class=\"has-text-align-center\"><a style=\"font-size: 23px;\" href=\"http:\/\/inowatronika.com\/wp-content\/uploads\/2019\/01\/informacja__wybor_oferty_RC_1_2018.pdf\">Informacja__wybor_oferty_RC_1_2018<\/a><\/p>\n\n\n\n<h2 class=\"wp-block-heading has-text-align-center\">Informacje o naborze:<\/h2>\n\n\n\n<p class=\"has-text-align-center\"><a style=\"font-family: Roboto, sans-serif; font-size: 23px; font-style: normal; font-variant-ligatures: normal; font-variant-caps: normal; background-color: #ffffff;\" href=\"https:\/\/bazakonkurencyjnosci.funduszeeuropejskie.gov.pl\/publication\/view\/1212832\">ZAPYTANIE OFERTOWE nr IN\/ZO\/2019\/2 us\u0142ugi brokera technologii<\/a><\/p>\n\n\n\n<p class=\"has-text-align-center\">&nbsp;<a style=\"font-family: Roboto, sans-serif; font-size: 23px; font-style: normal; font-variant-ligatures: normal; font-variant-caps: normal; background-color: #ffffff;\" href=\"https:\/\/bazakonkurencyjnosci.funduszeeuropejskie.gov.pl\/publication\/view\/1212833\">Post\u0119powanie nr IN\/ZO\/2019\/3 programista<\/a><\/p>\n","protected":false},"excerpt":{"rendered":"<p>&nbsp; W latach 2017-2020 firma Inowatronika Tomasz Radomski w ramach konsorcjum z firm\u0105 ChipCraft Sp. z o.o. oraz Politechnik\u0105 Warszawsk\u0105, realizowa\u0107 b\u0119dzie projekt pt.: &#8222;Miniaturowy, dwucz\u0119stotliwo\u015bciowy, jednouk\u0142adowy system scalony do precyzyjnej nawigacji satelitarnej GPS\/Galileo zintegrowany z procesorem aplikacyjnym dedykowany do urz\u0105dze\u0144 IoT o niskim poborze mocy&#8221; ( akronim &#8222;NaviSoC)\u201d. Projekt realizowany jest w ramach Dzia\u0142ania [&hellip;]<\/p>\n","protected":false},"author":1,"featured_media":0,"parent":0,"menu_order":0,"comment_status":"closed","ping_status":"closed","template":"","meta":{"footnotes":""},"class_list":["post-45","page","type-page","status-publish","hentry"],"_links":{"self":[{"href":"https:\/\/inowatronika.com\/index.php\/wp-json\/wp\/v2\/pages\/45","targetHints":{"allow":["GET"]}}],"collection":[{"href":"https:\/\/inowatronika.com\/index.php\/wp-json\/wp\/v2\/pages"}],"about":[{"href":"https:\/\/inowatronika.com\/index.php\/wp-json\/wp\/v2\/types\/page"}],"author":[{"embeddable":true,"href":"https:\/\/inowatronika.com\/index.php\/wp-json\/wp\/v2\/users\/1"}],"replies":[{"embeddable":true,"href":"https:\/\/inowatronika.com\/index.php\/wp-json\/wp\/v2\/comments?post=45"}],"version-history":[{"count":7,"href":"https:\/\/inowatronika.com\/index.php\/wp-json\/wp\/v2\/pages\/45\/revisions"}],"predecessor-version":[{"id":199,"href":"https:\/\/inowatronika.com\/index.php\/wp-json\/wp\/v2\/pages\/45\/revisions\/199"}],"wp:attachment":[{"href":"https:\/\/inowatronika.com\/index.php\/wp-json\/wp\/v2\/media?parent=45"}],"curies":[{"name":"wp","href":"https:\/\/api.w.org\/{rel}","templated":true}]}}